{"id":864,"date":"2023-01-24T15:05:25","date_gmt":"2023-01-24T14:05:25","guid":{"rendered":"https:\/\/dev.everpress.everapps.dev\/?page_id=864"},"modified":"2026-03-09T12:59:38","modified_gmt":"2026-03-09T11:59:38","slug":"startseite-2","status":"publish","type":"page","link":"https:\/\/www.hilwa.at\/shop\/","title":{"rendered":"Startseite"},"content":{"rendered":"\n\t<div class=\"ep-content-dynamic  bg-light space \"><div class=\"row   default-start default-middle\"><div class=\"col large-7 large-prefix-1\"><h1>Ersatzteile &amp; Gastrotechnik <span class=\"subline\">vom Fachbetrieb<\/span><\/h1>\n<p>Technisch gepr\u00fcfte Ersatzteile und Gastrobedarf f\u00fcr Profis \u2013 direkt vom erfahrenen Spezialisten f\u00fcr gewerbliche K\u00fcchentechnik.<\/p>\n<p>Im Online-Shop von HILWA <a title=\"Zur Webseite - Gastrok\u00fcchentechnik - Mannsberger GmbH\" href=\"https:\/\/www.hilwa.at\/\" target=\"_blank\" rel=\"noopener\">Gastrok\u00fcchentechnik &#8211; Mannsberger GmbH<\/a> finden Gastronomiebetriebe, Hotellerie, Gemeinschaftsverpflegung und Cateringunternehmen ein ausgew\u00e4hltes Sortiment an Ersatzteilen, Komponenten und professionellem Gastrobedarf.<\/p>\n<p>W\u00e4hrend unsere Unternehmenswebseite den Fokus auf Planung, Montage und Service legt, konzentriert sich unser Shop klar auf den Verkauf von Ersatzteilen und Produkten f\u00fcr den laufenden K\u00fcchenbetrieb \u2013 strukturiert, technisch nachvollziehbar und praxisorientiert.<\/p>\n<\/div><div class=\"col large-3 large-suffix-1\"><div class=\"imageContainer\"><picture ><source media=\"(max-width: 480px)\" srcset=\"https:\/\/www.hilwa.at\/shop\/wp-content\/uploads\/2026\/02\/gastrokuechen-und-gastrobedarf854largenkwzzszut71-480x504.jpg\"><source media=\"(max-width: 760px)\" srcset=\"https:\/\/www.hilwa.at\/shop\/wp-content\/uploads\/2026\/02\/gastrokuechen-und-gastrobedarf854largenkwzzszut71-760x798.jpg\"><source media=\"(max-width: 1200px)\" srcset=\"https:\/\/www.hilwa.at\/shop\/wp-content\/uploads\/2026\/02\/gastrokuechen-und-gastrobedarf854largenkwzzszut71-760x798.jpg\"><img decoding=\"async\" class=\"non-fluid\" style=\"aspect-ratio: 0.95 \/ 1\" loading=\"lazy\" alt=\"Gastrok\u00fcchen &#038; Gastrobedarf\" title=\"Gastrok\u00fcchen &#038; Gastrobedarf\" src=\"https:\/\/www.hilwa.at\/shop\/wp-content\/uploads\/2026\/02\/gastrokuechen-und-gastrobedarf854largenkwzzszut71.jpg\"><\/picture><\/div><\/div><\/div><\/div>\n\t\n\n\n<div class=\"ep-products-teaser  bg-medium space\">\n<div class=\"row\">\n\n\t\n\t<div class=\"col ep-title-container\"><h2>Unsere aktuellen Produkte &#8211;  <span class=\"subline\">werden Sie jetzt f\u00fcndig<\/span><\/h2><a title=\"Produkt\u00fcbersicht der HILWA Gastrok\u00fcchentechnik - Mannsberger GmbH\" class=\"btn weight-bold icon icon-after-arrow-right margin-bottom\" target=\"_self\" href=\"https:\/\/www.hilwa.at\/shop\/shop\/\">Unseren Shop ansehen<\/a><\/div>\n\n\t<div class=\"col\">\n\t\t<ul class=\"ep-teaser-tiles products margin-bottom \"><li class=\"product type-product post-5311 status-publish first instock product_cat-unkategorisiert has-post-thumbnail taxable shipping-taxable product-type-external\">\n\t<a title=\"WordPress Pennant | HILWA Gastrok\u00fcchentechnik - Mannsberger GmbH\" href=\"https:\/\/www.hilwa.at\/shop\/produkt\/wordpress-pennant\/\" class=\"woocommerce-LoopProduct-link woocommerce-loop-product__link\" aria-label=\"Produkt \u00f6ffnen \u2013 WordPress Pennant\" data-tooltip=\"focus\"><\/a><img loading=\"lazy\" decoding=\"async\" width=\"300\" height=\"300\" src=\"https:\/\/www.hilwa.at\/shop\/wp-content\/uploads\/2024\/07\/pennant-1-300x300.jpg\" class=\"attachment-woocommerce_thumbnail size-woocommerce_thumbnail\" alt=\"WordPress Pennant\" srcset=\"https:\/\/www.hilwa.at\/shop\/wp-content\/uploads\/2024\/07\/pennant-1-300x300.jpg 300w, https:\/\/www.hilwa.at\/shop\/wp-content\/uploads\/2024\/07\/pennant-1-100x100.jpg 100w, https:\/\/www.hilwa.at\/shop\/wp-content\/uploads\/2024\/07\/pennant-1-600x600.jpg 600w, https:\/\/www.hilwa.at\/shop\/wp-content\/uploads\/2024\/07\/pennant-1-150x150.jpg 150w, https:\/\/www.hilwa.at\/shop\/wp-content\/uploads\/2024\/07\/pennant-1-768x768.jpg 768w, https:\/\/www.hilwa.at\/shop\/wp-content\/uploads\/2024\/07\/pennant-1-480x480.jpg 480w, https:\/\/www.hilwa.at\/shop\/wp-content\/uploads\/2024\/07\/pennant-1-760x760.jpg 760w, https:\/\/www.hilwa.at\/shop\/wp-content\/uploads\/2024\/07\/pennant-1.jpg 800w\" sizes=\"auto, (max-width: 300px) 100vw, 300px\" \/><h2 class=\"woocommerce-loop-product__title\">WordPress Pennant<\/h2>\n\t<span class=\"price\"><span class=\"woocommerce-Price-amount amount\"><bdi>11,05&nbsp;<span class=\"woocommerce-Price-currencySymbol\">&euro;<\/span><\/bdi><\/span><\/span>\n\n<div class=\"product-info-container\"><mark class=\"external\">Externes Produkt<\/mark><\/div><div class=\"mark-container\"><mark class=\"mark-link\"><a href=\"https:\/\/www.hilwa.at\/shop\/produkt-kategorie\/unkategorisiert\/\" title=\"Gehe zu Unkategorisiert\">Unkategorisiert<\/a><\/mark><\/div><a class=\"btn\" tabindex=\"0\" title=\"Zur Wunschliste hinzuf\u00fcgen\" data-text-add=\"Zur Wunschliste hinzuf\u00fcgen\" data-text-remove=\"Entfernen\" data-wishlist=\"5311\">Zur Wunschliste hinzuf\u00fcgen<\/a>\n\n\n\t<p class=\"wc-gzd-additional-info wc-gzd-additional-info-loop tax-info\">inkl. 20 % MwSt.<\/p>\n\n\n\n<a href=\"https:\/\/mercantile.wordpress.org\/product\/wordpress-pennant\/\" aria-describedby=\"woocommerce_loop_add_to_cart_link_describedby_5311\" data-quantity=\"1\" class=\"button product_type_external\" data-product_id=\"5311\" data-product_sku=\"wp-pennant\" aria-label=\"Buy on the WordPress swag store!\" rel=\"nofollow\" data-product-name=\"WordPress Pennant\" title=\"Buy on the WordPress swag store!\">Buy on the WordPress swag store!<\/a>\t<span id=\"woocommerce_loop_add_to_cart_link_describedby_5311\" class=\"screen-reader-text\">\n\t\t\t<\/span>\n<\/li>\n<li class=\"product type-product post-5292 status-publish instock product_cat-unkategorisiert has-post-thumbnail sale taxable shipping-taxable purchasable product-type-simple\">\n\t<a title=\"Belt | HILWA Gastrok\u00fcchentechnik - Mannsberger GmbH\" href=\"https:\/\/www.hilwa.at\/shop\/produkt\/belt\/\" class=\"woocommerce-LoopProduct-link woocommerce-loop-product__link\" aria-label=\"Produkt \u00f6ffnen \u2013 Belt\" data-tooltip=\"focus\"><\/a><img loading=\"lazy\" decoding=\"async\" width=\"300\" height=\"300\" src=\"https:\/\/www.hilwa.at\/shop\/wp-content\/uploads\/2024\/07\/belt-2-300x300.jpg\" class=\"attachment-woocommerce_thumbnail size-woocommerce_thumbnail\" alt=\"Belt\" srcset=\"https:\/\/www.hilwa.at\/shop\/wp-content\/uploads\/2024\/07\/belt-2-300x300.jpg 300w, https:\/\/www.hilwa.at\/shop\/wp-content\/uploads\/2024\/07\/belt-2-100x100.jpg 100w, https:\/\/www.hilwa.at\/shop\/wp-content\/uploads\/2024\/07\/belt-2-600x600.jpg 600w, https:\/\/www.hilwa.at\/shop\/wp-content\/uploads\/2024\/07\/belt-2-150x150.jpg 150w, https:\/\/www.hilwa.at\/shop\/wp-content\/uploads\/2024\/07\/belt-2-768x768.jpg 768w, https:\/\/www.hilwa.at\/shop\/wp-content\/uploads\/2024\/07\/belt-2-480x480.jpg 480w, https:\/\/www.hilwa.at\/shop\/wp-content\/uploads\/2024\/07\/belt-2-760x760.jpg 760w, https:\/\/www.hilwa.at\/shop\/wp-content\/uploads\/2024\/07\/belt-2.jpg 801w\" sizes=\"auto, (max-width: 300px) 100vw, 300px\" \/><h2 class=\"woocommerce-loop-product__title\">Belt<\/h2>\n\t<span class=\"price\"><del aria-hidden=\"true\"><span class=\"woocommerce-Price-amount amount\"><bdi>65,00&nbsp;<span class=\"woocommerce-Price-currencySymbol\">&euro;<\/span><\/bdi><\/span><\/del> <span class=\"screen-reader-text\">Urspr\u00fcnglicher Preis war: 65,00&nbsp;&euro;<\/span><ins aria-hidden=\"true\"><span class=\"woocommerce-Price-amount amount\"><bdi>55,00&nbsp;<span class=\"woocommerce-Price-currencySymbol\">&euro;<\/span><\/bdi><\/span><\/ins><span class=\"screen-reader-text\">Aktueller Preis ist: 55,00&nbsp;&euro;.<\/span><\/span>\n\n<div class=\"product-info-container\"><mark class=\"onsale\">Sale<\/mark><\/div><div class=\"mark-container\"><mark class=\"mark-link\"><a href=\"https:\/\/www.hilwa.at\/shop\/produkt-kategorie\/unkategorisiert\/\" title=\"Gehe zu Unkategorisiert\">Unkategorisiert<\/a><\/mark><\/div><a class=\"btn\" tabindex=\"0\" title=\"Zur Wunschliste hinzuf\u00fcgen\" data-text-add=\"Zur Wunschliste hinzuf\u00fcgen\" data-text-remove=\"Entfernen\" data-wishlist=\"5292\">Zur Wunschliste hinzuf\u00fcgen<\/a>\n\n\n\t<p class=\"wc-gzd-additional-info wc-gzd-additional-info-loop tax-info\">inkl. 20 % MwSt.<\/p>\n\n\t<p class=\"wc-gzd-additional-info wc-gzd-additional-info-loop shipping-costs-info\">zzgl. <a href=\"https:\/\/www.hilwa.at\/shop\/versandarten\/\" target=\"_blank\">Versandkosten<\/a><\/p>\n\n\n<a href=\"\/shop\/wp-json\/wp\/v2\/pages\/864?add-to-cart=5292\" aria-describedby=\"woocommerce_loop_add_to_cart_link_describedby_5292\" data-quantity=\"1\" class=\"button product_type_simple add_to_cart_button ajax_add_to_cart\" data-product_id=\"5292\" data-product_sku=\"woo-belt\" aria-label=\"In den Warenkorb legen: \u201eBelt\u201c\" rel=\"nofollow\" data-success_message=\"\u201eBelt\u201c wurde Ihrem Warenkorb hinzugef\u00fcgt\" data-product-name=\"Belt\" title=\"In den Warenkorb legen: \u201eBelt\u201c\" role=\"button\">In den Warenkorb<\/a>\t<span id=\"woocommerce_loop_add_to_cart_link_describedby_5292\" class=\"screen-reader-text\">\n\t\t\t<\/span>\n<\/li>\n<li class=\"product type-product post-5286 status-publish last instock product_cat-unkategorisiert has-post-thumbnail sale taxable shipping-taxable purchasable product-type-variable\">\n\t<a title=\"Hoodie | HILWA Gastrok\u00fcchentechnik - Mannsberger GmbH\" href=\"https:\/\/www.hilwa.at\/shop\/produkt\/hoodie\/\" class=\"woocommerce-LoopProduct-link woocommerce-loop-product__link\" aria-label=\"Produkt \u00f6ffnen \u2013 Hoodie\" data-tooltip=\"focus\"><\/a><img loading=\"lazy\" decoding=\"async\" width=\"300\" height=\"300\" src=\"https:\/\/www.hilwa.at\/shop\/wp-content\/uploads\/2024\/07\/hoodie-2-300x300.jpg\" class=\"attachment-woocommerce_thumbnail size-woocommerce_thumbnail\" alt=\"Hoodie\" srcset=\"https:\/\/www.hilwa.at\/shop\/wp-content\/uploads\/2024\/07\/hoodie-2-300x300.jpg 300w, https:\/\/www.hilwa.at\/shop\/wp-content\/uploads\/2024\/07\/hoodie-2-100x100.jpg 100w, https:\/\/www.hilwa.at\/shop\/wp-content\/uploads\/2024\/07\/hoodie-2-600x600.jpg 600w, https:\/\/www.hilwa.at\/shop\/wp-content\/uploads\/2024\/07\/hoodie-2-150x150.jpg 150w, https:\/\/www.hilwa.at\/shop\/wp-content\/uploads\/2024\/07\/hoodie-2-768x768.jpg 768w, https:\/\/www.hilwa.at\/shop\/wp-content\/uploads\/2024\/07\/hoodie-2-480x480.jpg 480w, https:\/\/www.hilwa.at\/shop\/wp-content\/uploads\/2024\/07\/hoodie-2-760x760.jpg 760w, https:\/\/www.hilwa.at\/shop\/wp-content\/uploads\/2024\/07\/hoodie-2.jpg 801w\" sizes=\"auto, (max-width: 300px) 100vw, 300px\" \/><h2 class=\"woocommerce-loop-product__title\">Hoodie<\/h2>\n\t<span class=\"price\"><span class=\"woocommerce-Price-amount amount\"><bdi>42,00&nbsp;<span class=\"woocommerce-Price-currencySymbol\">&euro;<\/span><\/bdi><\/span> &ndash; <span class=\"woocommerce-Price-amount amount\"><bdi>45,00&nbsp;<span class=\"woocommerce-Price-currencySymbol\">&euro;<\/span><\/bdi><\/span><\/span>\n\n<div class=\"product-info-container\"><\/div><div class=\"mark-container\"><mark class=\"mark-link\"><a href=\"https:\/\/www.hilwa.at\/shop\/produkt-kategorie\/unkategorisiert\/\" title=\"Gehe zu Unkategorisiert\">Unkategorisiert<\/a><\/mark><\/div><a class=\"btn\" tabindex=\"0\" title=\"Zur Wunschliste hinzuf\u00fcgen\" data-text-add=\"Zur Wunschliste hinzuf\u00fcgen\" data-text-remove=\"Entfernen\" data-wishlist=\"5286\">Zur Wunschliste hinzuf\u00fcgen<\/a>\n\n\n\t<p class=\"wc-gzd-additional-info wc-gzd-additional-info-loop tax-info\">inkl. MwSt.<\/p>\n\n\t<p class=\"wc-gzd-additional-info wc-gzd-additional-info-loop shipping-costs-info\">zzgl. <a href=\"https:\/\/www.hilwa.at\/shop\/versandarten\/\" target=\"_blank\">Versandkosten<\/a><\/p>\n\n\n<a href=\"https:\/\/www.hilwa.at\/shop\/produkt\/hoodie\/\" aria-describedby=\"woocommerce_loop_add_to_cart_link_describedby_5286\" data-quantity=\"1\" class=\"button product_type_variable add_to_cart_button\" data-product_id=\"5286\" data-product_sku=\"woo-hoodie\" aria-label=\"W\u00e4hlen Sie die Optionen f\u00fcr \u201eHoodie\u201c\" rel=\"nofollow\" data-product-name=\"Hoodie\" title=\"Variante ausw\u00e4hlen\">Variante ausw\u00e4hlen<\/a>\t<span id=\"woocommerce_loop_add_to_cart_link_describedby_5286\" class=\"screen-reader-text\">\n\t\tDieses Produkt weist mehrere Varianten auf. Die Optionen k\u00f6nnen auf der Produktseite gew\u00e4hlt werden\t<\/span>\n<\/li>\n<li class=\"product type-product post-5290 status-publish first instock product_cat-unkategorisiert has-post-thumbnail sale taxable shipping-taxable purchasable product-type-simple\">\n\t<a title=\"Beanie | HILWA Gastrok\u00fcchentechnik - Mannsberger GmbH\" href=\"https:\/\/www.hilwa.at\/shop\/produkt\/beanie\/\" class=\"woocommerce-LoopProduct-link woocommerce-loop-product__link\" aria-label=\"Produkt \u00f6ffnen \u2013 Beanie\" data-tooltip=\"focus\"><\/a><img loading=\"lazy\" decoding=\"async\" width=\"300\" height=\"300\" src=\"https:\/\/www.hilwa.at\/shop\/wp-content\/uploads\/2024\/07\/beanie-2-300x300.jpg\" class=\"attachment-woocommerce_thumbnail size-woocommerce_thumbnail\" alt=\"Beanie\" srcset=\"https:\/\/www.hilwa.at\/shop\/wp-content\/uploads\/2024\/07\/beanie-2-300x300.jpg 300w, https:\/\/www.hilwa.at\/shop\/wp-content\/uploads\/2024\/07\/beanie-2-100x100.jpg 100w, https:\/\/www.hilwa.at\/shop\/wp-content\/uploads\/2024\/07\/beanie-2-600x600.jpg 600w, https:\/\/www.hilwa.at\/shop\/wp-content\/uploads\/2024\/07\/beanie-2-150x150.jpg 150w, https:\/\/www.hilwa.at\/shop\/wp-content\/uploads\/2024\/07\/beanie-2-768x768.jpg 768w, https:\/\/www.hilwa.at\/shop\/wp-content\/uploads\/2024\/07\/beanie-2-480x480.jpg 480w, https:\/\/www.hilwa.at\/shop\/wp-content\/uploads\/2024\/07\/beanie-2-760x760.jpg 760w, https:\/\/www.hilwa.at\/shop\/wp-content\/uploads\/2024\/07\/beanie-2.jpg 801w\" sizes=\"auto, (max-width: 300px) 100vw, 300px\" \/><h2 class=\"woocommerce-loop-product__title\">Beanie<\/h2>\n\t<span class=\"price\"><del aria-hidden=\"true\"><span class=\"woocommerce-Price-amount amount\"><bdi>20,00&nbsp;<span class=\"woocommerce-Price-currencySymbol\">&euro;<\/span><\/bdi><\/span><\/del> <span class=\"screen-reader-text\">Urspr\u00fcnglicher Preis war: 20,00&nbsp;&euro;<\/span><ins aria-hidden=\"true\"><span class=\"woocommerce-Price-amount amount\"><bdi>18,00&nbsp;<span class=\"woocommerce-Price-currencySymbol\">&euro;<\/span><\/bdi><\/span><\/ins><span class=\"screen-reader-text\">Aktueller Preis ist: 18,00&nbsp;&euro;.<\/span><\/span>\n\n<div class=\"product-info-container\"><mark class=\"onsale\">Sale<\/mark><\/div><div class=\"mark-container\"><mark class=\"mark-link\"><a href=\"https:\/\/www.hilwa.at\/shop\/produkt-kategorie\/unkategorisiert\/\" title=\"Gehe zu Unkategorisiert\">Unkategorisiert<\/a><\/mark><\/div><a class=\"btn\" tabindex=\"0\" title=\"Zur Wunschliste hinzuf\u00fcgen\" data-text-add=\"Zur Wunschliste hinzuf\u00fcgen\" data-text-remove=\"Entfernen\" data-wishlist=\"5290\">Zur Wunschliste hinzuf\u00fcgen<\/a>\n\n\n\t<p class=\"wc-gzd-additional-info wc-gzd-additional-info-loop tax-info\">inkl. 20 % MwSt.<\/p>\n\n\t<p class=\"wc-gzd-additional-info wc-gzd-additional-info-loop shipping-costs-info\">zzgl. <a href=\"https:\/\/www.hilwa.at\/shop\/versandarten\/\" target=\"_blank\">Versandkosten<\/a><\/p>\n\n\n<a href=\"\/shop\/wp-json\/wp\/v2\/pages\/864?add-to-cart=5290\" aria-describedby=\"woocommerce_loop_add_to_cart_link_describedby_5290\" data-quantity=\"1\" class=\"button product_type_simple add_to_cart_button ajax_add_to_cart\" data-product_id=\"5290\" data-product_sku=\"woo-beanie\" aria-label=\"In den Warenkorb legen: \u201eBeanie\u201c\" rel=\"nofollow\" data-success_message=\"\u201eBeanie\u201c wurde Ihrem Warenkorb hinzugef\u00fcgt\" data-product-name=\"Beanie\" title=\"In den Warenkorb legen: \u201eBeanie\u201c\" role=\"button\">In den Warenkorb<\/a>\t<span id=\"woocommerce_loop_add_to_cart_link_describedby_5290\" class=\"screen-reader-text\">\n\t\t\t<\/span>\n<\/li>\n<\/ul><\/div>\n\n<\/div>\n<\/div>\n\n\t\n\n\n\t<div class=\"ep-content-dynamic  bg-light space \"><div class=\"row   default-between default-top\"><h3 class=\"col align-left\">Ersatzteile f\u00fcr gewerbliche K\u00fcchenger\u00e4te \u2013   <span class=\"subline\">schnell verf\u00fcgbar<\/span><\/h3><div class=\"col large-6 \"><div class=\"defaultContentContainer\"><p>Ein Ausfall in der K\u00fcche bedeutet Zeitdruck. Deshalb bieten wir Ihnen ein breites Spektrum an Ersatzteilen f\u00fcr professionelle Gastroger\u00e4te \u2013 unter anderem f\u00fcr:<\/p>\n<ul>\n<li>Sp\u00fcltechnik<\/li>\n<li>Koch- und W\u00e4rmetechnik<\/li>\n<li>K\u00fchl- und K\u00e4ltetechnik<\/li>\n<li>Vorbereitungstechnik<\/li>\n<\/ul>\n<\/div><\/div><div class=\"col large-6 \"><p>Unser Anspruch ist es, Stillstandszeiten so gering wie m\u00f6glich zu halten.<br \/>\n<strong>Sie profitieren von:<\/strong><\/p>\n<ul>\n<li>passgenauen Ersatzteilen f\u00fcr den gewerblichen Einsatz<\/li>\n<li>klar spezifizierten technischen Komponenten<\/li>\n<li>schneller Verf\u00fcgbarkeit<\/li>\n<li>fachlich fundierter Unterst\u00fctzung bei R\u00fcckfragen<\/li>\n<\/ul>\n<p>&nbsp;<\/p>\n<\/div><div class=\"col default-12 \"><p>Hier kaufen Sie nicht anonym im Massenhandel, sondern bei einem Unternehmen, das t\u00e4glich mit professioneller K\u00fcchentechnik arbeitet.<\/p>\n<\/div><\/div><\/div>\n\t","protected":false},"excerpt":{"rendered":"","protected":false},"author":1,"featured_media":0,"parent":0,"menu_order":0,"comment_status":"closed","ping_status":"closed","template":"","meta":{"_acf_changed":false,"footnotes":""},"class_list":["post-864","page","type-page","status-publish","hentry"],"acf":[],"_links":{"self":[{"href":"https:\/\/www.hilwa.at\/shop\/wp-json\/wp\/v2\/pages\/864","targetHints":{"allow":["GET"]}}],"collection":[{"href":"https:\/\/www.hilwa.at\/shop\/wp-json\/wp\/v2\/pages"}],"about":[{"href":"https:\/\/www.hilwa.at\/shop\/wp-json\/wp\/v2\/types\/page"}],"author":[{"embeddable":true,"href":"https:\/\/www.hilwa.at\/shop\/wp-json\/wp\/v2\/users\/1"}],"replies":[{"embeddable":true,"href":"https:\/\/www.hilwa.at\/shop\/wp-json\/wp\/v2\/comments?post=864"}],"version-history":[{"count":5,"href":"https:\/\/www.hilwa.at\/shop\/wp-json\/wp\/v2\/pages\/864\/revisions"}],"predecessor-version":[{"id":6499,"href":"https:\/\/www.hilwa.at\/shop\/wp-json\/wp\/v2\/pages\/864\/revisions\/6499"}],"wp:attachment":[{"href":"https:\/\/www.hilwa.at\/shop\/wp-json\/wp\/v2\/media?parent=864"}],"curies":[{"name":"wp","href":"https:\/\/api.w.org\/{rel}","templated":true}]}}